{"id":506,"date":"2020-11-07T09:39:49","date_gmt":"2020-11-07T02:39:49","guid":{"rendered":"http:\/\/anphatdesign.com\/?page_id=506"},"modified":"2022-02-08T11:21:21","modified_gmt":"2022-02-08T04:21:21","slug":"tuyen-dung","status":"publish","type":"page","link":"https:\/\/anphatdesign.com\/vi\/tuyen-dung\/","title":{"rendered":"Tuy\u1ec3n d\u1ee5ng"},"content":{"rendered":"\t\t<div data-elementor-type=\"wp-page\" data-elementor-id=\"506\" class=\"elementor elementor-506\" data-elementor-settings=\"[]\">\n\t\t\t\t\t\t<div class=\"elementor-inner\">\n\t\t\t\t\t\t\t<div class=\"elementor-section-wrap\">\n\t\t\t\t\t\t\t<section class=\"elementor-section elementor-top-section elementor-element elementor-element-91101d0 elementor-section-boxed elementor-section-height-default elementor-section-height-default\" data-id=\"91101d0\" data-element_type=\"section\">\n\t\t\t\t\t\t<div class=\"elementor-container elementor-column-gap-default\">\n\t\t\t\t\t\t\t<div class=\"elementor-row\">\n\t\t\t\t\t<div class=\"elementor-column elementor-col-100 elementor-top-column elementor-element elementor-element-c9c5472\" data-id=\"c9c5472\" data-element_type=\"column\">\n\t\t\t<div class=\"elementor-column-wrap elementor-element-populated\">\n\t\t\t\t\t\t\t<div class=\"elementor-widget-wrap\">\n\t\t\t\t\t\t<div class=\"elementor-element elementor-element-1243ce8 elementor-widget elementor-widget-image\" data-id=\"1243ce8\" data-element_type=\"widget\" data-widget_type=\"image.default\">\n\t\t\t\t<div class=\"elementor-widget-container\">\n\t\t\t\t\t\t\t\t<div class=\"elementor-image\">\n\t\t\t\t\t\t\t\t\t\t\t\t<img decoding=\"async\" width=\"451\" height=\"253\" src=\"https:\/\/anphatdesign.com\/wp-content\/uploads\/2020\/11\/tuyendung.jpg\" class=\"attachment-medium_large size-medium_large\" alt=\"\" loading=\"lazy\" srcset=\"https:\/\/anphatdesign.com\/wp-content\/uploads\/2020\/11\/tuyendung.jpg 451w, https:\/\/anphatdesign.com\/wp-content\/uploads\/2020\/11\/tuyendung-16x9.jpg 16w\" sizes=\"(max-width: 451px) 100vw, 451px\" \/>\t\t\t\t\t\t\t\t\t\t\t\t\t\t<\/div>\n\t\t\t\t\t\t<\/div>\n\t\t\t\t<\/div>\n\t\t\t\t\t\t<\/div>\n\t\t\t\t\t<\/div>\n\t\t<\/div>\n\t\t\t\t\t\t\t\t<\/div>\n\t\t\t\t\t<\/div>\n\t\t<\/section>\n\t\t\t\t<section class=\"elementor-section elementor-top-section elementor-element elementor-element-a3cef09 elementor-section-boxed elementor-section-height-default elementor-section-height-default\" data-id=\"a3cef09\" data-element_type=\"section\">\n\t\t\t\t\t\t<div class=\"elementor-container elementor-column-gap-default\">\n\t\t\t\t\t\t\t<div class=\"elementor-row\">\n\t\t\t\t\t<div class=\"elementor-column elementor-col-100 elementor-top-column elementor-element elementor-element-8f84219\" data-id=\"8f84219\" data-element_type=\"column\">\n\t\t\t<div class=\"elementor-column-wrap elementor-element-populated\">\n\t\t\t\t\t\t\t<div class=\"elementor-widget-wrap\">\n\t\t\t\t\t\t<div class=\"elementor-element elementor-element-94c1b01 elementor-widget-divider--separator-type-pattern elementor-widget-divider--no-spacing elementor-widget-divider--view-line elementor-widget elementor-widget-divider\" data-id=\"94c1b01\" data-element_type=\"widget\" data-widget_type=\"divider.default\">\n\t\t\t\t<div class=\"elementor-widget-container\">\n\t\t\t\t\t<div class=\"elementor-divider\" style=\"--divider-pattern-url: url(&quot;data:image\/svg+xml,%3Csvg xmlns=&#039;http:\/\/www.w3.org\/2000\/svg&#039; preserveAspectRatio=&#039;xMidYMid meet&#039; overflow=&#039;visible&#039; height=&#039;100%&#039; viewBox=&#039;0 0 123 26&#039; fill=&#039;black&#039; stroke=&#039;none&#039;%3E%3Cpath d=&#039;M6.4,2l4.2,5.7H7.7v2.7l3.8,5.2l-3.8,0v7.8H4.8v-7.8H0l4.8-5.2V7.7H1.1L6.4,2z M25.6,2L31,7.7h-3.7v2.7l4.8,5.2h-4.8v7.8h-2.8v-7.8l-3.8,0l3.8-5.2V7.7h-2.9L25.6,2z M47.5,2l4.2,5.7h-3.3v2.7l3.8,5.2l-3.8,0l0.4,7.8h-2.8v-7.8H41l4.8-5.2V7.7h-3.7L47.5,2z M66.2,2l5.4,5.7h-3.7v2.7l4.8,5.2h-4.8v7.8H65v-7.8l-3.8,0l3.8-5.2V7.7h-2.9L66.2,2zM87.4,2l4.8,5.7h-2.9v3.1l3.8,4.8l-3.8,0v7.8h-2.8v-7.8h-4.8l4.8-4.8V7.7h-3.7L87.4,2z M107.3,2l5.4,5.7h-3.7v2.7l4.8,5.2h-4.8v7.8H106v-7.8l-3.8,0l3.8-5.2V7.7h-2.9L107.3,2z&#039;\/%3E%3C\/svg%3E&quot;);\">\n\t\t\t<span class=\"elementor-divider-separator\">\n\t\t\t\t\t\t<\/span>\n\t\t<\/div>\n\t\t\t\t<\/div>\n\t\t\t\t<\/div>\n\t\t\t\t<div class=\"elementor-element elementor-element-426e422 elementor-widget elementor-widget-text-editor\" data-id=\"426e422\" data-element_type=\"widget\" data-widget_type=\"text-editor.default\">\n\t\t\t\t<div class=\"elementor-widget-container\">\n\t\t\t\t\t\t\t\t<div class=\"elementor-text-editor elementor-clearfix\">\n\t\t\t\t<p class=\"MsoNormal\" style=\"margin: 0in 0in 0.0001pt; font-size: 12pt; font-family: VNI-Times; font-weight: bold; color: #000000; text-align: center;\" align=\"center\"><span style=\"font-size: 16pt; font-family: Arial, sans-serif; color: #993300; background-color: #ffff00;\">TH\u00d4NG TIN TUY\u1ec2N D\u1ee4NG H\u1eccA VI\u00caN KI\u1ebeN TR\u00daC<\/span><\/p>\n<p class=\"MsoNormal\" style=\"margin: 0in 0in 0.0001pt; font-size: 12pt; font-family: VNI-Times; font-weight: bold; color: #000000;\"><span style=\"font-family: Arial, sans-serif; color: #00a859;\">\u00a0<\/span><\/p>\n<p class=\"MsoNormal\" style=\"margin: 0in 0in 0.0001pt; font-size: 12pt; font-family: VNI-Times; font-weight: bold; color: #000000; line-height: 24px;\"><span style=\"font-family: Arial, sans-serif; color: #00a859;\">&#8211; M\u1ee9c l\u01b0\u01a1ng: L\u01b0\u01a1ng C\u01a1 B\u1ea3n 7tri\u1ec7u\/1 th\u00e1ng<\/span><\/p>\n<p class=\"MsoNormal\" style=\"margin: 0in 0in 0.0001pt; font-size: 12pt; font-family: VNI-Times; font-weight: bold; color: #000000; line-height: 24px;\"><span style=\"font-family: Arial, sans-serif; color: #00a859;\">&#8211; Kinh nghi\u1ec7m: Kh\u00f4ng y\u00eau c\u1ea7u kinh nghi\u1ec7m<\/span><\/p>\n<p class=\"MsoNormal\" style=\"margin: 0in 0in 0.0001pt; font-size: 12pt; font-family: VNI-Times; font-weight: bold; color: #000000; line-height: 24px;\"><span style=\"font-family: Arial, sans-serif; color: #00a859;\">&#8211; Tr\u00ecnh \u0111\u1ed9: Trung c\u1ea5p<\/span><\/p>\n<p class=\"MsoNormal\" style=\"margin: 0in 0in 0.0001pt; font-size: 12pt; font-family: VNI-Times; font-weight: bold; color: #000000; line-height: 24px;\"><span style=\"font-family: Arial, sans-serif; color: #00a859;\">&#8211; Ng\u00e0nh ngh\u1ec1: Thi\u1ebft k\u1ebf ki\u1ebfn tr\u00fac<\/span><\/p>\n<p class=\"MsoNormal\" style=\"margin: 0in 0in 0.0001pt; font-size: 12pt; font-family: VNI-Times; font-weight: bold; color: #000000; line-height: 24px;\"><span style=\"font-family: Arial, sans-serif; color: #00a859;\">&#8211; S\u1ed1 l\u01b0\u1ee3ng tuy\u1ec3n d\u1ee5ng: 4<\/span><\/p>\n<p class=\"MsoNormal\" style=\"margin: 0in 0in 0.0001pt; font-size: 12pt; font-family: VNI-Times; font-weight: bold; color: #000000; line-height: 24px;\"><span style=\"font-family: Arial, sans-serif; color: #00a859;\">&#8211; Gi\u1edbi t\u00ednh: Kh\u00f4ng y\u00eau c\u1ea7u<\/span><\/p>\n<p class=\"MsoNormal\" style=\"margin: 0in 0in 0.0001pt; font-size: 12pt; font-family: VNI-Times; font-weight: bold; color: #000000; line-height: 24px;\"><span style=\"color: #00a859;\"><span style=\"font-family: Arial, sans-serif;\">&#8211; <\/span><span style=\"font-family: Arial, sans-serif;\">Th\u1eddi gian l\u00e0m vi\u1ec7c<\/span><span style=\"font-family: Arial, sans-serif;\">: Gi\u1edd h\u00e0nh ch\u00ednh<\/span><\/span><\/p>\n<p class=\"MsoNormal\" style=\"margin: 0in 0in 0.0001pt; font-size: 12pt; font-family: VNI-Times; font-weight: bold; color: #000000; line-height: 24px;\"><span style=\"font-family: Arial, sans-serif; color: #00a859;\">&#8211; H\u00ecnh th\u1ee9c l\u00e0m vi\u1ec7c: Nh\u00e2n vi\u00ean ch\u00ednh th\u1ee9c<\/span><\/p>\n<p class=\"MsoNormal\" style=\"margin: 0in 0in 0.0001pt; font-size: 12pt; font-family: VNI-Times; font-weight: bold; color: #000000; line-height: 24px;\"><span style=\"font-family: Arial, sans-serif; color: #00a859;\">M\u00f4 t\u1ea3\u00a0<\/span><\/p>\n<p class=\"MsoNormal\" style=\"margin: 0in 0in 0.0001pt; font-size: 12pt; font-family: VNI-Times; font-weight: bold; color: #000000; line-height: 24px;\"><span style=\"font-family: Arial, sans-serif; color: #00a859;\">&#8211; V\u1ebd c\u00e1c b\u1ea3n v\u1ebd gi\u00e0n gi\u00e1o,cotpha theo y\u00eau c\u1ea7u\u00a0 c\u1ee7a kh\u00e1ch\u00a0 h\u00e0ng Nh\u1eadt<\/span><\/p>\n<p class=\"MsoNormal\" style=\"margin: 0in 0in 0.0001pt; font-size: 12pt; font-family: VNI-Times; font-weight: bold; color: #000000; line-height: 24px;\"><span style=\"font-family: Arial, sans-serif; color: #00a859;\">Y\u00eau c\u1ea7u\u00a0\u00a0\u00a0\u00a0\u00a0\u00a0\u00a0\u00a0<\/span><\/p>\n<p class=\"MsoNormal\" style=\"margin: 0in 0in 0.0001pt; font-size: 12pt; font-family: VNI-Times; font-weight: bold; color: #000000; line-height: 24px;\"><span style=\"font-family: Arial, sans-serif; color: #00a859;\">&#8211; T\u1ed1t nghi\u1ec7p Trung c\u1ea5p tr\u1edf l\u00ean, chuy\u00ean ng\u00e0nh \u00a0x\u00e2y d\u1ef1ng<\/span><\/p>\n<p class=\"MsoNormal\" style=\"margin: 0in 0in 0.0001pt; font-size: 12pt; font-family: VNI-Times; font-weight: bold; color: #000000; line-height: 24px;\"><span style=\"color: #00a859;\"><span style=\"font-family: Arial, sans-serif;\">&#8211; Th\u00e0nh th\u1ea1o CAD 2D<\/span><span style=\"font-family: Arial, sans-serif;\">,c\u00f3 kh\u1ea3 n\u0103ng \u0111\u1ecdc hi\u1ec3u b\u1ea3n v\u1ebd ki\u1ebfn tr\u00fac<\/span><\/span><\/p>\n<p class=\"MsoNormal\" style=\"margin: 0in 0in 0.0001pt; font-size: 12pt; font-family: VNI-Times; font-weight: bold; color: #000000; line-height: 24px;\"><span style=\"font-family: Arial, sans-serif; color: #00a859;\">&#8211; Y\u00eau c\u1ea7u ch\u0103m ch\u1ec9 , ch\u1ecbu kh\u00f3, ham h\u1ecdc h\u1ecfi.<\/span><\/p>\n<p class=\"MsoNormal\" style=\"margin: 0in 0in 0.0001pt; font-size: 12pt; font-family: VNI-Times; font-weight: bold; color: #000000; line-height: 24px;\"><span style=\"font-family: Arial, sans-serif; color: #00a859;\">Quy\u1ec1n l\u1ee3i\u00a0\u00a0\u00a0\u00a0<\/span><\/p>\n<p class=\"MsoNormal\" style=\"margin: 0in 0in 0.0001pt; font-size: 12pt; font-family: VNI-Times; font-weight: bold; color: #000000; line-height: 24px;\"><span style=\"font-family: Arial, sans-serif; color: #00a859;\">&#8211; \u0110\u01b0\u1ee3c \u0111\u00e0o t\u1ea1o ban \u0111\u1ea7u v\u00e0 t\u1eebng \u0111\u1ee3t trong su\u1ed1t qu\u00e1 tr\u00ecnh l\u00e0m vi\u1ec7c v\u1ec1 chuy\u00ean m\u00f4n<\/span><\/p>\n<p class=\"MsoNormal\" style=\"margin: 0in 0in 0.0001pt; font-size: 12pt; font-family: VNI-Times; font-weight: bold; color: #000000; line-height: 24px;\"><span style=\"font-family: Arial, sans-serif; color: #00a859;\">&#8211; L\u01b0\u01a1ng,th\u01b0\u1edfng,BHXH theo quy \u0111\u1ecbnh c\u1ee7a nh\u00e0 n\u01b0\u1edbc<\/span><\/p>\n<p class=\"MsoNormal\" style=\"margin: 0in 0in 0.0001pt; font-size: 12pt; font-family: VNI-Times; font-weight: bold; color: #000000; line-height: 24px;\"><span style=\"color: #00a859;\"><span style=\"font-family: Arial, sans-serif;\">&#8211; \u0110\u01b0\u1ee3c h\u01b0\u1edfng c\u00e1c ch\u1ebf \u0111\u1ed9 th\u01b0\u1edfng kh\u00e1c theo<\/span> <span style=\"font-family: Arial, sans-serif;\">qui \u0111\u1ecbnh c\u1ee7a c\u00f4ng ty.<\/span><\/span><\/p>\n<p class=\"MsoNormal\" style=\"margin: 0in 0in 0.0001pt; font-size: 12pt; font-family: VNI-Times; font-weight: bold; color: #000000; line-height: 24px;\"><span style=\"font-family: Arial, sans-serif; color: #00a859;\">\u00a0<\/span><\/p>\n<p class=\"MsoNormal\" style=\"margin: 0in 0in 0.0001pt; font-size: 12pt; font-family: VNI-Times; font-weight: bold; color: #000000; line-height: 24px;\"><span style=\"font-family: Arial, sans-serif; color: #ed1c24;\">Th\u00f4ng tin li\u00ean h\u1ec7:<\/span><\/p>\n<p class=\"MsoNormal\" style=\"margin: 0in 0in 0.0001pt; font-size: 12pt; font-family: VNI-Times; font-weight: bold; color: #000000; line-height: 24px;\"><span style=\"font-family: Arial, sans-serif; color: #ed1c24;\">Ng\u01b0\u1eddi li\u00ean h\u1ec7:Nguy\u1ec5n Thanh Tu\u1ea5n<\/span><\/p>\n<p class=\"MsoNormal\" style=\"margin: 0in 0in 0.0001pt; font-size: 12pt; font-family: VNI-Times; font-weight: bold; color: #000000; line-height: 24px;\"><span style=\"font-family: Arial, sans-serif; color: #ed1c24;\">\u0110i\u1ec7n tho\u1ea1i:0909 218 349<\/span><\/p>\n<p class=\"MsoNormal\" style=\"margin: 0in 0in 0.0001pt; font-size: 12pt; font-family: VNI-Times; font-weight: bold; color: #000000; line-height: 24px;\"><span style=\"font-family: Arial, sans-serif; color: #ed1c24;\">\u0110\u1ecba ch\u1ec9: 49\/69\/22, \u0111\u01b0\u1eddng 51, ph\u01b0\u1eddng 14, qu\u1eadn G\u00f2 V\u1ea5p, Tp. H\u1ed3 Ch\u00ed Minh<\/span><\/p>\t\t\t\t\t<\/div>\n\t\t\t\t\t\t<\/div>\n\t\t\t\t<\/div>\n\t\t\t\t<div class=\"elementor-element elementor-element-07a2129 elementor-widget-divider--view-line_icon elementor-widget-divider--separator-type-pattern elementor-widget-divider--no-spacing elementor-view-default elementor-widget-divider--element-align-center elementor-widget elementor-widget-divider\" data-id=\"07a2129\" data-element_type=\"widget\" data-widget_type=\"divider.default\">\n\t\t\t\t<div class=\"elementor-widget-container\">\n\t\t\t\t\t<div class=\"elementor-divider\" style=\"--divider-pattern-url: url(&quot;data:image\/svg+xml,%3Csvg xmlns=&#039;http:\/\/www.w3.org\/2000\/svg&#039; preserveAspectRatio=&#039;xMidYMid meet&#039; overflow=&#039;visible&#039; height=&#039;100%&#039; viewBox=&#039;0 0 121 26&#039; fill=&#039;black&#039; stroke=&#039;none&#039;%3E%3Cpath d=&#039;M29.6,10.3l2.1,2.2l-3.6,3.3h7v2.9h-7l3.6,3.5l-2.1,1.7l-5.2-5.2h-5.8v-2.9h5.8L29.6,10.3z M70.9,9.6l2.1,1.7l-3.6,3.5h7v2.9h-7l3.6,3.3l-2.1,2.2l-5.2-5.5h-5.8v-2.9h5.8L70.9,9.6z M111.5,9.6l2.1,1.7l-3.6,3.5h7v2.9h-7l3.6,3.3l-2.1,2.2l-5.2-5.5h-5.8v-2.9h5.8L111.5,9.6z M50.2,2.7l2.1,1.7l-3.6,3.5h7v2.9h-7l3.6,3.3l-2.1,2.2L45,10.7h-5.8V7.9H45L50.2,2.7z M11,2l2.1,1.7L9.6,7.2h7V10h-7l3.6,3.3L11,15.5L5.8,10H0V7.2h5.8L11,2z M91.5,2l2.1,2.2l-3.6,3.3h7v2.9h-7l3.6,3.5l-2.1,1.7l-5.2-5.2h-5.8V7.5h5.8L91.5,2z&#039;\/%3E%3C\/svg%3E&quot;);\">\n\t\t\t<span class=\"elementor-divider-separator\">\n\t\t\t\t\t\t\t<div class=\"elementor-icon elementor-divider__element\">\n\t\t\t\t\t<i aria-hidden=\"true\" class=\"fas fa-key\"><\/i><\/div>\n\t\t\t\t\t\t<\/span>\n\t\t<\/div>\n\t\t\t\t<\/div>\n\t\t\t\t<\/div>\n\t\t\t\t<div class=\"elementor-element elementor-element-cd2c18c elementor-widget elementor-widget-text-editor\" data-id=\"cd2c18c\" data-element_type=\"widget\" data-widget_type=\"text-editor.default\">\n\t\t\t\t<div class=\"elementor-widget-container\">\n\t\t\t\t\t\t\t\t<div class=\"elementor-text-editor elementor-clearfix\">\n\t\t\t\t<p style=\"caret-color: #000000; color: #000000; font-family: -webkit-standard; break-after: avoid-page; text-align: left;\"><b><span style=\"font-size: 14pt; line-height: 28px; font-family: 'Times New Roman', serif;\">An Ph\u00e1t \u0111\u00e3 c\u00f3&nbsp;h\u01a1n 15 n\u0103m&nbsp;ph\u00e1t tri\u1ec3n v\u1edbi n\u1ec1n t\u1ea3ng v\u0103n h\u00f3a \u0111\u01b0\u1ee3c x\u00e2y d\u1ef1ng tr\u00ean gi\u00e1 tr\u1ecb c\u1ed1t l\u1ed7i: An to\u00e0n &#8211; Ch\u1ea5t l\u01b0\u1ee3ng &#8211; Hi\u1ec7u Qu\u1ea3. M\u1ed9t l\u1ecbch s\u1eed \u0111\u1ea7y t\u1ef1 h\u00e0o c\u1ee7a An Ph\u00e1t, m\u1ed9t c\u00e2u chuy\u1ec7n nhi\u1ec1u m\u00e0u s\u1eafc v\u1ec1 nh\u1eefng th\u00e0nh c\u00f4ng c\u1ee7a ch\u00fang t\u00f4i \u0111\u01b0\u1ee3c t\u1ea1o n\u00ean t\u1eeb&nbsp;c\u00e2u chuy\u1ec7n c\u1ee7a nh\u1eefng con ng\u01b0\u1eddi An Ph\u00e1t.&nbsp;<\/span><\/b><b><\/b><b><span style=\"font-size: 14pt; line-height: 28px; font-family: 'Times New Roman', serif;\">C\u00f9ng v\u1edbi m\u1ee5c ti\u00eau kinh doanh,&nbsp;x\u00e2y d\u1ef1ng m\u1ed9t \u0111\u1ed9i ng\u0169 t\u00e0i n\u0103ng, c\u00f3 t\u1ea7m nh\u00ecn v\u00e0 l\u00e0m ch\u1ee7&nbsp;\u0111\u01b0\u1ee3c s\u1ef1 ph\u00e1t tri\u1ec3n c\u1ee7a c\u00f4ng ty \u0111\u01b0\u1ee3c ch\u00fang t\u00f4i \u0111\u1eb7t l\u00ean h\u00e0ng \u0111\u1ea7u.<\/span><\/b><\/p>\t\t\t\t\t<\/div>\n\t\t\t\t\t\t<\/div>\n\t\t\t\t<\/div>\n\t\t\t\t\t\t<\/div>\n\t\t\t\t\t<\/div>\n\t\t<\/div>\n\t\t\t\t\t\t\t\t<\/div>\n\t\t\t\t\t<\/div>\n\t\t<\/section>\n\t\t\t\t<section class=\"elementor-section elementor-top-section elementor-element elementor-element-e9f9abe elementor-section-boxed elementor-section-height-default elementor-section-height-default\" data-id=\"e9f9abe\" data-element_type=\"section\">\n\t\t\t\t\t\t<div class=\"elementor-container elementor-column-gap-default\">\n\t\t\t\t\t\t\t<div class=\"elementor-row\">\n\t\t\t\t\t<div class=\"elementor-column elementor-col-100 elementor-top-column elementor-element elementor-element-8e2f33f\" data-id=\"8e2f33f\" data-element_type=\"column\">\n\t\t\t<div class=\"elementor-column-wrap elementor-element-populated\">\n\t\t\t\t\t\t\t<div class=\"elementor-widget-wrap\">\n\t\t\t\t\t\t<div class=\"elementor-element elementor-element-97853ea elementor-widget elementor-widget-image\" data-id=\"97853ea\" data-element_type=\"widget\" data-widget_type=\"image.default\">\n\t\t\t\t<div class=\"elementor-widget-container\">\n\t\t\t\t\t\t\t\t<div class=\"elementor-image\">\n\t\t\t\t\t\t\t\t\t\t\t\t<img decoding=\"async\" width=\"451\" height=\"263\" src=\"https:\/\/anphatdesign.com\/wp-content\/uploads\/2020\/11\/tuyendung1.jpg\" class=\"attachment-large size-large\" alt=\"\" loading=\"lazy\" srcset=\"https:\/\/anphatdesign.com\/wp-content\/uploads\/2020\/11\/tuyendung1.jpg 451w, https:\/\/anphatdesign.com\/wp-content\/uploads\/2020\/11\/tuyendung1-16x9.jpg 16w\" sizes=\"(max-width: 451px) 100vw, 451px\" \/>\t\t\t\t\t\t\t\t\t\t\t\t\t\t<\/div>\n\t\t\t\t\t\t<\/div>\n\t\t\t\t<\/div>\n\t\t\t\t\t\t<\/div>\n\t\t\t\t\t<\/div>\n\t\t<\/div>\n\t\t\t\t\t\t\t\t<\/div>\n\t\t\t\t\t<\/div>\n\t\t<\/section>\n\t\t\t\t<section class=\"elementor-section elementor-top-section elementor-element elementor-element-a373cb3 elementor-section-boxed elementor-section-height-default elementor-section-height-default\" data-id=\"a373cb3\" data-element_type=\"section\">\n\t\t\t\t\t\t<div class=\"elementor-container elementor-column-gap-default\">\n\t\t\t\t\t\t\t<div class=\"elementor-row\">\n\t\t\t\t\t<div class=\"elementor-column elementor-col-100 elementor-top-column elementor-element elementor-element-38d70f5\" data-id=\"38d70f5\" data-element_type=\"column\">\n\t\t\t<div class=\"elementor-column-wrap elementor-element-populated\">\n\t\t\t\t\t\t\t<div class=\"elementor-widget-wrap\">\n\t\t\t\t\t\t<div class=\"elementor-element elementor-element-9268980 elementor-widget elementor-widget-text-editor\" data-id=\"9268980\" data-element_type=\"widget\" data-widget_type=\"text-editor.default\">\n\t\t\t\t<div class=\"elementor-widget-container\">\n\t\t\t\t\t\t\t\t<div class=\"elementor-text-editor elementor-clearfix\">\n\t\t\t\t<p class=\"MsoNormal\" style=\"margin: 0cm 0cm 0.0001pt; line-height: 24px; font-size: medium; font-family: Calibri, sans-serif; caret-color: #000000; color: #000000; text-align: justify;\"><b><span style=\"font-size: 14pt; line-height: 28px; font-family: 'Times New Roman', serif; color: #192d87;\">L\u00c0 NH\u00c2N VI\u00caN C\u1ee6A C\u00d4NG TY AN PH\u00c1T:<\/span><\/b><b><\/b><\/p>\n<p class=\"MsoNormal\" style=\"margin: 0cm 0cm 0.0001pt; line-height: 24px; font-size: medium; font-family: Calibri, sans-serif; caret-color: #000000; color: #000000; text-align: justify;\"><b><span style=\"font-size: 14pt; line-height: 28px; font-family: 'Times New Roman', serif; color: #192d87;\"><br \/><\/span><\/b><\/p>\n<p class=\"MsoNormal\" style=\"margin: 0cm 0cm 0.0001pt 24pt; line-height: 24px; font-size: medium; font-family: Calibri, sans-serif; caret-color: #000000; color: #000000; text-indent: -24pt; text-align: left;\"><b><span style=\"font-size: 14pt; line-height: 28px; font-family: 'Times New Roman', serif; color: #192d87;\">\u25ba\u00a0\u00a0B\u1ea1n c\u00f3 nh\u1eefng \u0111\u1ed3ng nghi\u1ec7p ng\u01b0\u1eddi nh\u1eadt v\u00e0 vi\u1ec7t nam th\u00e2n thi\u1ec7n, g\u1eafn k\u1ebft. B\u1ea1n s\u1ebd kh\u00e1m ph\u00e1 n\u00e9t v\u0103n\u00a0h\u00f3a th\u00fa v\u1ecb khi c\u1ed9ng \u0111\u1ed3ng v\u00e0 c\u00e1c m\u1ed1i quan h\u1ec7 c\u1ee7a b\u1ea1n \u0111\u01b0\u1ee3c m\u1edf r\u1ed9ng.<\/span><\/b><b><\/b><\/p>\n<p class=\"MsoNormal\" style=\"margin: 0cm 0cm 0.0001pt 24pt; line-height: 24px; font-size: medium; font-family: Calibri, sans-serif; caret-color: #000000; color: #000000; text-indent: -24pt; text-align: left;\"><b><span style=\"font-size: 14pt; line-height: 28px; font-family: 'Times New Roman', serif; color: #192d87;\">\u25ba\u00a0\u00a0Nh\u1eefng m\u1ed1i quan t\u00e2m c\u1ee7a b\u1ea1n \u0111\u01b0\u1ee3c chia s\u1ebb trong m\u1ed9t\u00a0m\u00f4i tr\u01b0\u1eddng th\u00e2n thi\u1ec7n, t\u00f4n\u00a0tr\u1ecdng s\u1ef1 ph\u00e1t tri\u1ec3n c\u1ee7a t\u1eebng c\u00e1 nh\u00e2n\u00a0nh\u01b0ng c\u0169ng lu\u00f4n\u00a0v\u1eadn \u0111\u1ed9ng v\u00e0 \u0111\u1ea7y th\u00e1ch th\u1ee9c.<\/span><\/b><b><\/b><\/p>\n<p class=\"MsoNormal\" style=\"margin: 0cm 0cm 0.0001pt 24pt; line-height: 24px; font-size: medium; font-family: Calibri, sans-serif; caret-color: #000000; color: #000000; text-indent: -24pt; text-align: left;\"><b><span style=\"font-size: 14pt; line-height: 28px; font-family: 'Times New Roman', serif; color: #192d87;\">\u25ba\u00a0\u00a0B\u1ea1n c\u00f3 th\u1ec3\u00a0t\u1ef1 \u0111\u00e0o t\u1ea1o, n\u00e2ng cao n\u0103ng l\u1ef1c b\u1ea3n th\u00e2n\u00a0v\u1edbi nh\u1eefng\u00a0ph\u01b0\u01a1ng th\u1ee9c \u0111\u00e0o t\u1ea1o\u00a0hi\u1ec7n \u0111\u1ea1i\u00a0gi\u00fap b\u1ea1n d\u1ec5 d\u00e0ng\u00a0ti\u1ebfp c\u1eadn v\u1edbi ki\u1ebfn th\u1ee9c chuy\u00ean m\u00f4n v\u00e0 k\u1ef9 n\u0103ng m\u1edbi nh\u1ea5t.<\/span><\/b><b><\/b><\/p>\n<p class=\"MsoNormal\" style=\"margin: 0cm 0cm 0.0001pt 24pt; line-height: 24px; font-size: medium; font-family: Calibri, sans-serif; caret-color: #000000; color: #000000; text-indent: -24pt; text-align: left;\"><b><span style=\"font-size: 14pt; line-height: 28px; font-family: 'Times New Roman', serif; color: #192d87;\">\u25ba\u00a0\u00a0B\u1ea1n \u0111\u01b0\u1ee3c\u00a0trao quy\u1ec1n l\u00e0m ch\u1ee7 con \u0111\u01b0\u1eddng th\u0103ng ti\u1ebfn s\u1ef1 nghi\u1ec7p c\u1ee7a ch\u00ednh m\u00ecnh\u00a0trong\u00a0m\u1ed9t kh\u00f4ng gian r\u1ed9ng h\u01a1n, l\u1edbn h\u01a1n v\u00e0 nhi\u1ec1u c\u01a1 h\u1ed9i h\u01a1n.<\/span><\/b><b><\/b><\/p>\n<p class=\"MsoNormal\" style=\"margin: 0cm 0cm 0.0001pt 24pt; line-height: 24px; font-size: medium; font-family: Calibri, sans-serif; caret-color: #000000; color: #000000; text-indent: -24pt; text-align: left;\"><b><span style=\"font-size: 14pt; line-height: 28px; font-family: 'Times New Roman', serif; color: #192d87;\">\u25ba\u00a0\u00a0B\u1ea3o \u0111\u1ea3m\u00a0ch\u1ebf \u0111\u1ed9 ph\u00fac l\u1ee3i, \u0111\u00e3i ng\u1ed9\u00a0\u0111\u1ec3 b\u1ea1n th\u1ea5y \u0111\u01b0\u1ee3c l\u1ee3i \u00edch c\u1ee7a m\u00ecnh\u00a0song h\u00e0nh v\u1edbi s\u1ef1\u00a0ph\u00e1t tri\u1ec3n c\u1ee7a An Ph\u00e1t<\/span><\/b><b><\/b><\/p>\t\t\t\t\t<\/div>\n\t\t\t\t\t\t<\/div>\n\t\t\t\t<\/div>\n\t\t\t\t\t\t<\/div>\n\t\t\t\t\t<\/div>\n\t\t<\/div>\n\t\t\t\t\t\t\t\t<\/div>\n\t\t\t\t\t<\/div>\n\t\t<\/section>\n\t\t\t\t\t\t<\/div>\n\t\t\t\t\t\t<\/div>\n\t\t\t\t\t<\/div>\n\t\t","protected":false},"excerpt":{"rendered":"<p>TH\u00d4NG TIN TUY\u1ec2N D\u1ee4NG H\u1eccA VI\u00caN KI\u1ebeN TR\u00daC \u00a0 &#8211; M\u1ee9c l\u01b0\u01a1ng: L\u01b0\u01a1ng C\u01a1 B\u1ea3n 7tri\u1ec7u\/1 th\u00e1ng &#8211; Kinh nghi\u1ec7m: Kh\u00f4ng y\u00eau c\u1ea7u kinh nghi\u1ec7m &#8211; Tr\u00ecnh \u0111\u1ed9: Trung c\u1ea5p &#8211; Ng\u00e0nh ngh\u1ec1: Thi\u1ebft k\u1ebf ki\u1ebfn tr\u00fac &#8211; S\u1ed1 l\u01b0\u1ee3ng tuy\u1ec3n d\u1ee5ng: 4 &#8211; Gi\u1edbi t\u00ednh: Kh\u00f4ng y\u00eau c\u1ea7u &#8211; Th\u1eddi gian l\u00e0m vi\u1ec7c: Gi\u1edd [&#8230;]\n","protected":false},"author":2,"featured_media":0,"parent":0,"menu_order":0,"comment_status":"closed","ping_status":"closed","template":"","meta":[],"_links":{"self":[{"href":"https:\/\/anphatdesign.com\/vi\/wp-json\/wp\/v2\/pages\/506"}],"collection":[{"href":"https:\/\/anphatdesign.com\/vi\/wp-json\/wp\/v2\/pages"}],"about":[{"href":"https:\/\/anphatdesign.com\/vi\/wp-json\/wp\/v2\/types\/page"}],"author":[{"embeddable":true,"href":"https:\/\/anphatdesign.com\/vi\/wp-json\/wp\/v2\/users\/2"}],"replies":[{"embeddable":true,"href":"https:\/\/anphatdesign.com\/vi\/wp-json\/wp\/v2\/comments?post=506"}],"version-history":[{"count":66,"href":"https:\/\/anphatdesign.com\/vi\/wp-json\/wp\/v2\/pages\/506\/revisions"}],"predecessor-version":[{"id":1269,"href":"https:\/\/anphatdesign.com\/vi\/wp-json\/wp\/v2\/pages\/506\/revisions\/1269"}],"wp:attachment":[{"href":"https:\/\/anphatdesign.com\/vi\/wp-json\/wp\/v2\/media?parent=506"}],"curies":[{"name":"wp","href":"https:\/\/api.w.org\/{rel}","templated":true}]}}