{"id":328,"date":"2020-11-05T20:29:26","date_gmt":"2020-11-05T13:29:26","guid":{"rendered":"http:\/\/anphatdesign.com\/?page_id=328"},"modified":"2022-04-07T15:31:43","modified_gmt":"2022-04-07T08:31:43","slug":"trang-chu","status":"publish","type":"page","link":"https:\/\/anphatdesign.com\/vi\/","title":{"rendered":"Trang Ch\u1ee7"},"content":{"rendered":"\t\t<div data-elementor-type=\"wp-page\" data-elementor-id=\"328\" class=\"elementor elementor-328\" data-elementor-settings=\"[]\">\n\t\t\t\t\t\t<div class=\"elementor-inner\">\n\t\t\t\t\t\t\t<div class=\"elementor-section-wrap\">\n\t\t\t\t\t\t\t<section class=\"elementor-section elementor-top-section elementor-element elementor-element-f8c400d elementor-section-boxed elementor-section-height-default elementor-section-height-default\" data-id=\"f8c400d\" data-element_type=\"section\">\n\t\t\t\t\t\t<div class=\"elementor-container elementor-column-gap-default\">\n\t\t\t\t\t\t\t<div class=\"elementor-row\">\n\t\t\t\t\t<div class=\"elementor-column elementor-col-100 elementor-top-column elementor-element elementor-element-0c9e211\" data-id=\"0c9e211\" data-element_type=\"column\">\n\t\t\t<div class=\"elementor-column-wrap elementor-element-populated\">\n\t\t\t\t\t\t\t<div class=\"elementor-widget-wrap\">\n\t\t\t\t\t\t<div class=\"elementor-element elementor-element-841c4a9 elementor-widget elementor-widget-image\" data-id=\"841c4a9\" data-element_type=\"widget\" data-widget_type=\"image.default\">\n\t\t\t\t<div class=\"elementor-widget-container\">\n\t\t\t\t\t\t\t\t<div class=\"elementor-image\">\n\t\t\t\t\t\t\t\t\t\t\t\t<img decoding=\"async\" width=\"1020\" height=\"765\" src=\"https:\/\/anphatdesign.com\/wp-content\/uploads\/2021\/09\/landmark81-1066x800.jpeg\" class=\"attachment-large size-large\" alt=\"\" loading=\"lazy\" srcset=\"https:\/\/anphatdesign.com\/wp-content\/uploads\/2021\/09\/landmark81-1066x800.jpeg 1066w, https:\/\/anphatdesign.com\/wp-content\/uploads\/2021\/09\/landmark81-533x400.jpeg 533w, https:\/\/anphatdesign.com\/wp-content\/uploads\/2021\/09\/landmark81-768x577.jpeg 768w, https:\/\/anphatdesign.com\/wp-content\/uploads\/2021\/09\/landmark81-16x12.jpeg 16w, https:\/\/anphatdesign.com\/wp-content\/uploads\/2021\/09\/landmark81.jpeg 1500w\" sizes=\"(max-width: 1020px) 100vw, 1020px\" \/>\t\t\t\t\t\t\t\t\t\t\t\t\t\t<\/div>\n\t\t\t\t\t\t<\/div>\n\t\t\t\t<\/div>\n\t\t\t\t<div class=\"elementor-element elementor-element-762d728 elementor-widget elementor-widget-text-editor\" data-id=\"762d728\" data-element_type=\"widget\" data-widget_type=\"text-editor.default\">\n\t\t\t\t<div class=\"elementor-widget-container\">\n\t\t\t\t\t\t\t\t<div class=\"elementor-text-editor elementor-clearfix\">\n\t\t\t\t<p><strong>C\u00f4ng Ty An Ph\u00e1t : \u0110\u01b0\u1ee3c k\u1ebf th\u1eeba c\u00e1c di s\u1ea3n tri th\u1ee9c h\u00e0ng \u0111\u1ea7u t\u1eeb Nh\u1eadt B\u1ea3n, An Ph\u00e1t Vi\u1ec7t Nam quy\u1ebft t\u00e2m tr\u1edf th\u00e0nh c\u00f4ng ty x\u1eed l\u00fd d\u1eef li\u1ec7u b\u1ea3n v\u1ebd v\u00e0 cung c\u1ea5p gi\u1ea3i ph\u00e1p gi\u00e0n gi\u00e1o h\u00e0ng \u0111\u1ea7u trong ng\u00e0nh x\u00e2y d\u1ef1ng t\u1ea1i Vi\u1ec7t Nam c\u0169ng nh\u01b0 l\u00e0 \u0111\u1ed1i t\u00e1c c\u1ee7a Nh\u1eadt B\u1ea3n.<\/strong><\/p>\t\t\t\t\t<\/div>\n\t\t\t\t\t\t<\/div>\n\t\t\t\t<\/div>\n\t\t\t\t\t\t<\/div>\n\t\t\t\t\t<\/div>\n\t\t<\/div>\n\t\t\t\t\t\t\t\t<\/div>\n\t\t\t\t\t<\/div>\n\t\t<\/section>\n\t\t\t\t<section class=\"elementor-section elementor-top-section elementor-element elementor-element-7992cc5 elementor-section-boxed elementor-section-height-default elementor-section-height-default\" data-id=\"7992cc5\" data-element_type=\"section\">\n\t\t\t\t\t\t<div class=\"elementor-container elementor-column-gap-default\">\n\t\t\t\t\t\t\t<div class=\"elementor-row\">\n\t\t\t\t\t<div class=\"elementor-column elementor-col-100 elementor-top-column elementor-element elementor-element-a6e2cb8\" data-id=\"a6e2cb8\" data-element_type=\"column\">\n\t\t\t<div class=\"elementor-column-wrap elementor-element-populated\">\n\t\t\t\t\t\t\t<div class=\"elementor-widget-wrap\">\n\t\t\t\t\t\t<div class=\"elementor-element elementor-element-565f54c elementor-widget elementor-widget-image\" data-id=\"565f54c\" data-element_type=\"widget\" data-widget_type=\"image.default\">\n\t\t\t\t<div class=\"elementor-widget-container\">\n\t\t\t\t\t\t\t\t<div class=\"elementor-image\">\n\t\t\t\t\t\t\t\t\t\t\t\t<img decoding=\"async\" width=\"960\" height=\"720\" src=\"https:\/\/anphatdesign.com\/wp-content\/uploads\/2020\/11\/bien-phap-thi-cong-gian-giao-bao-che.jpg\" class=\"attachment-large size-large\" alt=\"\" loading=\"lazy\" srcset=\"https:\/\/anphatdesign.com\/wp-content\/uploads\/2020\/11\/bien-phap-thi-cong-gian-giao-bao-che.jpg 960w, https:\/\/anphatdesign.com\/wp-content\/uploads\/2020\/11\/bien-phap-thi-cong-gian-giao-bao-che-533x400.jpg 533w, https:\/\/anphatdesign.com\/wp-content\/uploads\/2020\/11\/bien-phap-thi-cong-gian-giao-bao-che-768x576.jpg 768w, https:\/\/anphatdesign.com\/wp-content\/uploads\/2020\/11\/bien-phap-thi-cong-gian-giao-bao-che-16x12.jpg 16w\" sizes=\"(max-width: 960px) 100vw, 960px\" \/>\t\t\t\t\t\t\t\t\t\t\t\t\t\t<\/div>\n\t\t\t\t\t\t<\/div>\n\t\t\t\t<\/div>\n\t\t\t\t\t\t<\/div>\n\t\t\t\t\t<\/div>\n\t\t<\/div>\n\t\t\t\t\t\t\t\t<\/div>\n\t\t\t\t\t<\/div>\n\t\t<\/section>\n\t\t\t\t<section class=\"elementor-section elementor-top-section elementor-element elementor-element-fed30f7 elementor-section-boxed elementor-section-height-default elementor-section-height-default\" data-id=\"fed30f7\" data-element_type=\"section\">\n\t\t\t\t\t\t<div class=\"elementor-container elementor-column-gap-default\">\n\t\t\t\t\t\t\t<div class=\"elementor-row\">\n\t\t\t\t\t<div class=\"elementor-column elementor-col-100 elementor-top-column elementor-element elementor-element-1ac3a3a\" data-id=\"1ac3a3a\" data-element_type=\"column\">\n\t\t\t<div class=\"elementor-column-wrap elementor-element-populated\">\n\t\t\t\t\t\t\t<div class=\"elementor-widget-wrap\">\n\t\t\t\t\t\t<div class=\"elementor-element elementor-element-3cd250a elementor-arrows-position-inside elementor-pagination-position-outside elementor-widget elementor-widget-image-carousel\" data-id=\"3cd250a\" data-element_type=\"widget\" data-settings=\"{&quot;slides_to_show&quot;:&quot;2&quot;,&quot;autoplay_speed&quot;:700,&quot;speed&quot;:700,&quot;navigation&quot;:&quot;both&quot;,&quot;autoplay&quot;:&quot;yes&quot;,&quot;pause_on_hover&quot;:&quot;yes&quot;,&quot;pause_on_interaction&quot;:&quot;yes&quot;,&quot;infinite&quot;:&quot;yes&quot;}\" data-widget_type=\"image-carousel.default\">\n\t\t\t\t<div class=\"elementor-widget-container\">\n\t\t\t\t\t<div class=\"elementor-image-carousel-wrapper swiper-container\" dir=\"ltr\">\n\t\t\t<div class=\"elementor-image-carousel swiper-wrapper\">\n\t\t\t\t\t\t\t\t<div class=\"swiper-slide\"><figure class=\"swiper-slide-inner\"><img decoding=\"async\" class=\"swiper-slide-image\" src=\"https:\/\/anphatdesign.com\/wp-content\/uploads\/2020\/11\/smp02-280x280.gif\" alt=\"smp02\" \/><\/figure><\/div><div class=\"swiper-slide\"><figure class=\"swiper-slide-inner\"><img decoding=\"async\" class=\"swiper-slide-image\" src=\"https:\/\/anphatdesign.com\/wp-content\/uploads\/2020\/11\/SITE-7-1-280x280.jpg\" alt=\"SITE-7 (1)\" \/><\/figure><\/div><div class=\"swiper-slide\"><figure class=\"swiper-slide-inner\"><img decoding=\"async\" class=\"swiper-slide-image\" src=\"https:\/\/anphatdesign.com\/wp-content\/uploads\/2020\/11\/SITE-5-280x280.jpg\" alt=\"SITE-5\" \/><\/figure><\/div><div class=\"swiper-slide\"><figure class=\"swiper-slide-inner\"><img decoding=\"async\" class=\"swiper-slide-image\" src=\"https:\/\/anphatdesign.com\/wp-content\/uploads\/2020\/11\/SITE-7-5-280x280.jpg\" alt=\"SITE-7 (5)\" \/><\/figure><\/div><div class=\"swiper-slide\"><figure class=\"swiper-slide-inner\"><img decoding=\"async\" class=\"swiper-slide-image\" src=\"https:\/\/anphatdesign.com\/wp-content\/uploads\/2020\/11\/CIMG0443-280x280.jpg\" alt=\"CIMG0443\" \/><\/figure><\/div><div class=\"swiper-slide\"><figure class=\"swiper-slide-inner\"><img decoding=\"async\" class=\"swiper-slide-image\" src=\"https:\/\/anphatdesign.com\/wp-content\/uploads\/2020\/11\/CIMG0444-280x280.jpg\" alt=\"CIMG0444\" \/><\/figure><\/div><div class=\"swiper-slide\"><figure class=\"swiper-slide-inner\"><img decoding=\"async\" class=\"swiper-slide-image\" src=\"https:\/\/anphatdesign.com\/wp-content\/uploads\/2020\/11\/CIMG0445-280x280.jpg\" alt=\"CIMG0445\" \/><\/figure><\/div><div class=\"swiper-slide\"><figure class=\"swiper-slide-inner\"><img decoding=\"async\" class=\"swiper-slide-image\" src=\"https:\/\/anphatdesign.com\/wp-content\/uploads\/2020\/11\/CIMG0446-280x280.jpg\" alt=\"CIMG0446\" \/><\/figure><\/div><div class=\"swiper-slide\"><figure class=\"swiper-slide-inner\"><img decoding=\"async\" class=\"swiper-slide-image\" src=\"https:\/\/anphatdesign.com\/wp-content\/uploads\/2020\/11\/SITE-7-4-280x280.jpg\" alt=\"SITE-7 (4)\" \/><\/figure><\/div><div class=\"swiper-slide\"><figure class=\"swiper-slide-inner\"><img decoding=\"async\" class=\"swiper-slide-image\" src=\"https:\/\/anphatdesign.com\/wp-content\/uploads\/2020\/11\/smp02-1-280x280.gif\" alt=\"smp02\" \/><\/figure><\/div><div class=\"swiper-slide\"><figure class=\"swiper-slide-inner\"><img decoding=\"async\" class=\"swiper-slide-image\" src=\"https:\/\/anphatdesign.com\/wp-content\/uploads\/2020\/11\/SITE-7-3-280x280.jpg\" alt=\"SITE-7 (3)\" \/><\/figure><\/div><div class=\"swiper-slide\"><figure class=\"swiper-slide-inner\"><img decoding=\"async\" class=\"swiper-slide-image\" src=\"https:\/\/anphatdesign.com\/wp-content\/uploads\/2020\/11\/SITE-7-2-280x280.jpg\" alt=\"SITE-7 (2)\" \/><\/figure><\/div><div class=\"swiper-slide\"><figure class=\"swiper-slide-inner\"><img decoding=\"async\" class=\"swiper-slide-image\" src=\"https:\/\/anphatdesign.com\/wp-content\/uploads\/2020\/11\/SITE-5-38-280x280.jpg\" alt=\"SITE-5 (38)\" \/><\/figure><\/div><div class=\"swiper-slide\"><figure class=\"swiper-slide-inner\"><img decoding=\"async\" class=\"swiper-slide-image\" src=\"https:\/\/anphatdesign.com\/wp-content\/uploads\/2020\/11\/SITE-5-33-280x280.jpg\" alt=\"SITE-5 (33)\" \/><\/figure><\/div><div class=\"swiper-slide\"><figure class=\"swiper-slide-inner\"><img decoding=\"async\" class=\"swiper-slide-image\" src=\"https:\/\/anphatdesign.com\/wp-content\/uploads\/2020\/11\/SITE-5-29-280x280.jpg\" alt=\"SITE-5 (29)\" \/><\/figure><\/div><div class=\"swiper-slide\"><figure class=\"swiper-slide-inner\"><img decoding=\"async\" class=\"swiper-slide-image\" src=\"https:\/\/anphatdesign.com\/wp-content\/uploads\/2020\/11\/SITE-5-25-280x280.jpg\" alt=\"SITE-5 (25)\" \/><\/figure><\/div><div class=\"swiper-slide\"><figure class=\"swiper-slide-inner\"><img decoding=\"async\" class=\"swiper-slide-image\" src=\"https:\/\/anphatdesign.com\/wp-content\/uploads\/2020\/11\/SITE-5-22-280x280.jpg\" alt=\"SITE-5 (22)\" \/><\/figure><\/div><div class=\"swiper-slide\"><figure class=\"swiper-slide-inner\"><img decoding=\"async\" class=\"swiper-slide-image\" src=\"https:\/\/anphatdesign.com\/wp-content\/uploads\/2020\/11\/SITE-5-17-280x280.jpg\" alt=\"SITE-5 (17)\" \/><\/figure><\/div><div class=\"swiper-slide\"><figure class=\"swiper-slide-inner\"><img decoding=\"async\" class=\"swiper-slide-image\" src=\"https:\/\/anphatdesign.com\/wp-content\/uploads\/2020\/11\/SITE-5-18-280x280.jpg\" alt=\"SITE-5 (18)\" \/><\/figure><\/div><div class=\"swiper-slide\"><figure class=\"swiper-slide-inner\"><img decoding=\"async\" class=\"swiper-slide-image\" src=\"https:\/\/anphatdesign.com\/wp-content\/uploads\/2020\/11\/SITE-5-19-280x280.jpg\" alt=\"SITE-5 (19)\" \/><\/figure><\/div>\t\t\t<\/div>\n\t\t\t\t\t\t\t\t\t\t\t\t<div class=\"swiper-pagination\"><\/div>\n\t\t\t\t\t\t\t\t\t\t\t\t\t<div class=\"elementor-swiper-button elementor-swiper-button-prev\">\n\t\t\t\t\t\t<i class=\"eicon-chevron-left\" aria-hidden=\"true\"><\/i>\n\t\t\t\t\t\t<span class=\"elementor-screen-only\">Previous<\/span>\n\t\t\t\t\t<\/div>\n\t\t\t\t\t<div class=\"elementor-swiper-button elementor-swiper-button-next\">\n\t\t\t\t\t\t<i class=\"eicon-chevron-right\" aria-hidden=\"true\"><\/i>\n\t\t\t\t\t\t<span class=\"elementor-screen-only\">Next<\/span>\n\t\t\t\t\t<\/div>\n\t\t\t\t\t\t\t\t\t<\/div>\n\t\t\t\t<\/div>\n\t\t\t\t<\/div>\n\t\t\t\t\t\t<\/div>\n\t\t\t\t\t<\/div>\n\t\t<\/div>\n\t\t\t\t\t\t\t\t<\/div>\n\t\t\t\t\t<\/div>\n\t\t<\/section>\n\t\t\t\t<section class=\"elementor-section elementor-top-section elementor-element elementor-element-19bc3af elementor-section-boxed elementor-section-height-default elementor-section-height-default\" data-id=\"19bc3af\" data-element_type=\"section\">\n\t\t\t\t\t\t<div class=\"elementor-container elementor-column-gap-default\">\n\t\t\t\t\t\t\t<div class=\"elementor-row\">\n\t\t\t\t\t<div class=\"elementor-column elementor-col-100 elementor-top-column elementor-element elementor-element-9b36bf6\" data-id=\"9b36bf6\" data-element_type=\"column\">\n\t\t\t<div class=\"elementor-column-wrap elementor-element-populated\">\n\t\t\t\t\t\t\t<div class=\"elementor-widget-wrap\">\n\t\t\t\t\t\t<div class=\"elementor-element elementor-element-e106f42 elementor-widget elementor-widget-heading\" data-id=\"e106f42\" data-element_type=\"widget\" data-widget_type=\"heading.default\">\n\t\t\t\t<div class=\"elementor-widget-container\">\n\t\t\t<h4 class=\"elementor-heading-title elementor-size-default\"><br>***<br>Li\u00ean h\u1ec7 c\u00f4ng ty theo b\u1ea3n \u0111\u1ed3<\/h4>\t\t<\/div>\n\t\t\t\t<\/div>\n\t\t\t\t\t\t<\/div>\n\t\t\t\t\t<\/div>\n\t\t<\/div>\n\t\t\t\t\t\t\t\t<\/div>\n\t\t\t\t\t<\/div>\n\t\t<\/section>\n\t\t\t\t<section class=\"elementor-section elementor-top-section elementor-element elementor-element-4beffd0 elementor-section-boxed elementor-section-height-default elementor-section-height-default\" data-id=\"4beffd0\" data-element_type=\"section\">\n\t\t\t\t\t\t<div class=\"elementor-container elementor-column-gap-default\">\n\t\t\t\t\t\t\t<div class=\"elementor-row\">\n\t\t\t\t\t<div class=\"elementor-column elementor-col-100 elementor-top-column elementor-element elementor-element-1822e91\" data-id=\"1822e91\" data-element_type=\"column\">\n\t\t\t<div class=\"elementor-column-wrap elementor-element-populated\">\n\t\t\t\t\t\t\t<div class=\"elementor-widget-wrap\">\n\t\t\t\t\t\t<div class=\"elementor-element elementor-element-0137780 elementor-widget elementor-widget-google_maps\" data-id=\"0137780\" data-element_type=\"widget\" data-widget_type=\"google_maps.default\">\n\t\t\t\t<div class=\"elementor-widget-container\">\n\t\t\t\t\t<div class=\"elementor-custom-embed\">\n\t\t\t<iframe frameborder=\"0\" scrolling=\"no\" marginheight=\"0\" marginwidth=\"0\"\n\t\t\t\t\tsrc=\"https:\/\/maps.google.com\/maps?q=49%2F69%20%2F22%20%C4%90%C6%B0%E1%BB%9Dng%2051%2C%20ph%C6%B0%E1%BB%9Dng%2014%2C%20G%C3%B2%20V%E1%BA%A5p%2C%20Ho%20Chi%20Minh%20City%2C%20Vietnam&#038;t=m&#038;z=14&#038;output=embed&#038;iwloc=near\"\n\t\t\t\t\ttitle=\"49\/69 \/22 \u0110\u01b0\u1eddng 51, ph\u01b0\u1eddng 14, G\u00f2 V\u1ea5p, Ho Chi Minh City, Vietnam\"\n\t\t\t\t\taria-label=\"49\/69 \/22 \u0110\u01b0\u1eddng 51, ph\u01b0\u1eddng 14, G\u00f2 V\u1ea5p, Ho Chi Minh City, Vietnam\"\n\t\t\t><\/iframe>\n\t\t<\/div>\n\t\t\t\t<\/div>\n\t\t\t\t<\/div>\n\t\t\t\t\t\t<\/div>\n\t\t\t\t\t<\/div>\n\t\t<\/div>\n\t\t\t\t\t\t\t\t<\/div>\n\t\t\t\t\t<\/div>\n\t\t<\/section>\n\t\t\t\t\t\t<\/div>\n\t\t\t\t\t\t<\/div>\n\t\t\t\t\t<\/div>\n\t\t","protected":false},"excerpt":{"rendered":"<p>C\u00f4ng Ty An Ph\u00e1t : \u0110\u01b0\u1ee3c k\u1ebf th\u1eeba c\u00e1c di s\u1ea3n tri th\u1ee9c h\u00e0ng \u0111\u1ea7u t\u1eeb Nh\u1eadt B\u1ea3n, An Ph\u00e1t Vi\u1ec7t Nam quy\u1ebft t\u00e2m tr\u1edf th\u00e0nh c\u00f4ng ty x\u1eed l\u00fd d\u1eef li\u1ec7u b\u1ea3n v\u1ebd v\u00e0 cung c\u1ea5p gi\u1ea3i ph\u00e1p gi\u00e0n gi\u00e1o h\u00e0ng \u0111\u1ea7u trong ng\u00e0nh x\u00e2y d\u1ef1ng t\u1ea1i Vi\u1ec7t Nam c\u0169ng nh\u01b0 l\u00e0 \u0111\u1ed1i t\u00e1c [&#8230;]\n","protected":false},"author":2,"featured_media":0,"parent":0,"menu_order":0,"comment_status":"closed","ping_status":"closed","template":"","meta":[],"_links":{"self":[{"href":"https:\/\/anphatdesign.com\/vi\/wp-json\/wp\/v2\/pages\/328"}],"collection":[{"href":"https:\/\/anphatdesign.com\/vi\/wp-json\/wp\/v2\/pages"}],"about":[{"href":"https:\/\/anphatdesign.com\/vi\/wp-json\/wp\/v2\/types\/page"}],"author":[{"embeddable":true,"href":"https:\/\/anphatdesign.com\/vi\/wp-json\/wp\/v2\/users\/2"}],"replies":[{"embeddable":true,"href":"https:\/\/anphatdesign.com\/vi\/wp-json\/wp\/v2\/comments?post=328"}],"version-history":[{"count":136,"href":"https:\/\/anphatdesign.com\/vi\/wp-json\/wp\/v2\/pages\/328\/revisions"}],"predecessor-version":[{"id":1277,"href":"https:\/\/anphatdesign.com\/vi\/wp-json\/wp\/v2\/pages\/328\/revisions\/1277"}],"wp:attachment":[{"href":"https:\/\/anphatdesign.com\/vi\/wp-json\/wp\/v2\/media?parent=328"}],"curies":[{"name":"wp","href":"https:\/\/api.w.org\/{rel}","templated":true}]}}