{"id":1209,"date":"2021-03-29T20:37:15","date_gmt":"2021-03-29T13:37:15","guid":{"rendered":"http:\/\/anphatdesign.com\/?page_id=1209"},"modified":"2021-04-03T16:56:46","modified_gmt":"2021-04-03T09:56:46","slug":"lien-he","status":"publish","type":"page","link":"https:\/\/anphatdesign.com\/vi\/lien-he\/","title":{"rendered":"Li\u00ean h\u1ec7"},"content":{"rendered":"\t\t<div data-elementor-type=\"wp-page\" data-elementor-id=\"1209\" class=\"elementor elementor-1209\" data-elementor-settings=\"[]\">\n\t\t\t\t\t\t<div class=\"elementor-inner\">\n\t\t\t\t\t\t\t<div class=\"elementor-section-wrap\">\n\t\t\t\t\t\t\t<section class=\"elementor-section elementor-top-section elementor-element elementor-element-3034a6d0 elementor-section-boxed elementor-section-height-default elementor-section-height-default\" data-id=\"3034a6d0\" data-element_type=\"section\">\n\t\t\t\t\t\t<div class=\"elementor-container elementor-column-gap-default\">\n\t\t\t\t\t\t\t<div class=\"elementor-row\">\n\t\t\t\t\t<div class=\"elementor-column elementor-col-100 elementor-top-column elementor-element elementor-element-5842a202\" data-id=\"5842a202\" data-element_type=\"column\">\n\t\t\t<div class=\"elementor-column-wrap elementor-element-populated\">\n\t\t\t\t\t\t\t<div class=\"elementor-widget-wrap\">\n\t\t\t\t\t\t<div class=\"elementor-element elementor-element-41157241 elementor-widget elementor-widget-text-editor\" data-id=\"41157241\" data-element_type=\"widget\" data-widget_type=\"text-editor.default\">\n\t\t\t\t<div class=\"elementor-widget-container\">\n\t\t\t\t\t\t\t\t<div class=\"elementor-text-editor elementor-clearfix\">\n\t\t\t\t<p><!-- wp:contact-form-7\/contact-form-selector {\"id\":26,\"title\":\"Contact form\"} --><\/p>\n<div><strong><span style=\"font-size: 100%; color: #f99b1c;\">Qu\u00fd kh\u00e1ch vui l\u00f2ng \u0111i\u1ec1n th\u00f4ng tin b\u00ean d\u01b0\u1edbi:<\/span><\/strong><\/div>\n<div>&nbsp;<\/div>\n<div>\n<div class=\"wpcf7 no-js\" id=\"wpcf7-f26-o1\" lang=\"en-US\" dir=\"ltr\">\n<div class=\"screen-reader-response\"><p role=\"status\" aria-live=\"polite\" aria-atomic=\"true\"><\/p> <ul><\/ul><\/div>\n<form action=\"\/vi\/wp-json\/wp\/v2\/pages\/1209#wpcf7-f26-o1\" method=\"post\" class=\"wpcf7-form init\" aria-label=\"Contact form\" novalidate=\"novalidate\" data-status=\"init\">\n<div style=\"display: none;\">\n<input type=\"hidden\" name=\"_wpcf7\" value=\"26\" \/>\n<input type=\"hidden\" name=\"_wpcf7_version\" value=\"5.7.5.1\" \/>\n<input type=\"hidden\" name=\"_wpcf7_locale\" value=\"en_US\" \/>\n<input type=\"hidden\" name=\"_wpcf7_unit_tag\" value=\"wpcf7-f26-o1\" \/>\n<input type=\"hidden\" name=\"_wpcf7_container_post\" value=\"0\" \/>\n<input type=\"hidden\" name=\"_wpcf7_posted_data_hash\" value=\"\" \/>\n<\/div>\n<p><label>T\u00ean c\u00f4ng ty (\u4f1a\u793e\u540d) (required)<\/label><br \/>\n<span class=\"wpcf7-form-control-wrap\" data-name=\"your-name\"><input size=\"40\" class=\"wpcf7-form-control wpcf7-text wpcf7-validates-as-required\" aria-required=\"true\" aria-invalid=\"false\" value=\"\" type=\"text\" name=\"your-name\" \/><\/span>\n<\/p>\n<p><label>Email (\u30e1\u30fc\u30eb\u30a2\u30c9\u30ec\u30b9) (required)<\/label><br \/>\n<span class=\"wpcf7-form-control-wrap\" data-name=\"your-email\"><input size=\"40\" class=\"wpcf7-form-control wpcf7-text wpcf7-email wpcf7-validates-as-required wpcf7-validates-as-email\" aria-required=\"true\" aria-invalid=\"false\" value=\"\" type=\"email\" name=\"your-email\" \/><\/span>\n<\/p>\n<p><label>S\u1ed1 \u0111i\u1ec7n tho\u1ea1i (\u96fb\u8a71\u756a\u53f7)<\/label><br \/>\n<span class=\"wpcf7-form-control-wrap\" data-name=\"tel-236\"><input size=\"40\" class=\"wpcf7-form-control wpcf7-text wpcf7-tel wpcf7-validates-as-tel\" aria-invalid=\"false\" value=\"\" type=\"tel\" name=\"tel-236\" \/><\/span>\n<\/p>\n<p><label>N\u1ed9i dung li\u00ean l\u1ea1c (\u304a\u554f\u3044\u5408\u308f\u305b\u5185\u5bb9) (required)<\/label><br \/>\n<span class=\"wpcf7-form-control-wrap\" data-name=\"your-message\"><textarea cols=\"40\" rows=\"10\" class=\"wpcf7-form-control wpcf7-textarea\" aria-invalid=\"false\" name=\"your-message\"><\/textarea><\/span>\n<\/p>\n<p><input class=\"wpcf7-form-control has-spinner wpcf7-submit button\" type=\"submit\" value=\"G\u1eedi \u0111i (\u53c2\u52a0\u3059\u308b)\" \/>\n<\/p><div class=\"wpcf7-response-output\" aria-hidden=\"true\"><\/div>\n<\/form>\n<\/div>\n<\/div>\n<p><!-- \/wp:contact-form-7\/contact-form-selector --><!-- wp:paragraph --><\/p>\n<p><!-- \/wp:paragraph --><\/p>\t\t\t\t\t<\/div>\n\t\t\t\t\t\t<\/div>\n\t\t\t\t<\/div>\n\t\t\t\t\t\t<\/div>\n\t\t\t\t\t<\/div>\n\t\t<\/div>\n\t\t\t\t\t\t\t\t<\/div>\n\t\t\t\t\t<\/div>\n\t\t<\/section>\n\t\t\t\t\t\t<\/div>\n\t\t\t\t\t\t<\/div>\n\t\t\t\t\t<\/div>\n\t\t","protected":false},"excerpt":{"rendered":"","protected":false},"author":2,"featured_media":0,"parent":0,"menu_order":0,"comment_status":"closed","ping_status":"closed","template":"","meta":[],"_links":{"self":[{"href":"https:\/\/anphatdesign.com\/vi\/wp-json\/wp\/v2\/pages\/1209"}],"collection":[{"href":"https:\/\/anphatdesign.com\/vi\/wp-json\/wp\/v2\/pages"}],"about":[{"href":"https:\/\/anphatdesign.com\/vi\/wp-json\/wp\/v2\/types\/page"}],"author":[{"embeddable":true,"href":"https:\/\/anphatdesign.com\/vi\/wp-json\/wp\/v2\/users\/2"}],"replies":[{"embeddable":true,"href":"https:\/\/anphatdesign.com\/vi\/wp-json\/wp\/v2\/comments?post=1209"}],"version-history":[{"count":16,"href":"https:\/\/anphatdesign.com\/vi\/wp-json\/wp\/v2\/pages\/1209\/revisions"}],"predecessor-version":[{"id":1252,"href":"https:\/\/anphatdesign.com\/vi\/wp-json\/wp\/v2\/pages\/1209\/revisions\/1252"}],"wp:attachment":[{"href":"https:\/\/anphatdesign.com\/vi\/wp-json\/wp\/v2\/media?parent=1209"}],"curies":[{"name":"wp","href":"https:\/\/api.w.org\/{rel}","templated":true}]}}