{"id":337,"date":"2020-11-05T20:39:56","date_gmt":"2020-11-05T13:39:56","guid":{"rendered":"http:\/\/anphatdesign.com\/?page_id=337"},"modified":"2020-11-15T12:09:04","modified_gmt":"2020-11-15T05:09:04","slug":"gioi-thieu","status":"publish","type":"page","link":"https:\/\/anphatdesign.com\/ja\/gioi-thieu\/","title":{"rendered":"\u5c0e\u5165\u3059\u308b"},"content":{"rendered":"<div data-elementor-type=\"wp-page\" data-elementor-id=\"337\" class=\"elementor elementor-337\" data-elementor-settings=\"[]\">\n\t\t\t\t\t\t<div class=\"elementor-inner\">\n\t\t\t\t\t\t\t<div class=\"elementor-section-wrap\">\n\t\t\t\t\t\t\t<section class=\"elementor-section elementor-top-section elementor-element elementor-element-07cf6ad elementor-section-boxed elementor-section-height-default elementor-section-height-default\" data-id=\"07cf6ad\" data-element_type=\"section\">\n\t\t\t\t\t\t<div class=\"elementor-container elementor-column-gap-no\">\n\t\t\t\t\t\t\t<div class=\"elementor-row\">\n\t\t\t\t\t<div class=\"elementor-column elementor-col-100 elementor-top-column elementor-element elementor-element-c11d6cb\" data-id=\"c11d6cb\" data-element_type=\"column\">\n\t\t\t<div class=\"elementor-column-wrap elementor-element-populated\">\n\t\t\t\t\t\t\t<div class=\"elementor-widget-wrap\">\n\t\t\t\t\t\t<section class=\"elementor-section elementor-inner-section elementor-element elementor-element-54c9710 elementor-section-boxed elementor-section-height-default elementor-section-height-default\" data-id=\"54c9710\" data-element_type=\"section\">\n\t\t\t\t\t\t<div class=\"elementor-container elementor-column-gap-default\">\n\t\t\t\t\t\t\t<div class=\"elementor-row\">\n\t\t\t\t\t<div class=\"elementor-column elementor-col-33 elementor-inner-column elementor-element elementor-element-c2548fc\" data-id=\"c2548fc\" data-element_type=\"column\">\n\t\t\t<div class=\"elementor-column-wrap elementor-element-populated\">\n\t\t\t\t\t\t\t<div class=\"elementor-widget-wrap\">\n\t\t\t\t\t\t<div class=\"elementor-element elementor-element-e7ed0b6 elementor-widget elementor-widget-image\" data-id=\"e7ed0b6\" data-element_type=\"widget\" data-widget_type=\"image.default\">\n\t\t\t\t<div class=\"elementor-widget-container\">\n\t\t\t\t\t\t\t\t<div class=\"elementor-image\">\n\t\t\t\t\t\t\t\t\t\t\t\t<img decoding=\"async\" width=\"280\" height=\"280\" src=\"https:\/\/anphatdesign.com\/wp-content\/uploads\/2020\/11\/Picture1-280x280.png\" class=\"attachment-thumbnail size-thumbnail\" alt=\"\" loading=\"lazy\" \/>\t\t\t\t\t\t\t\t\t\t\t\t\t\t<\/div>\n\t\t\t\t\t\t<\/div>\n\t\t\t\t<\/div>\n\t\t\t\t\t\t<\/div>\n\t\t\t\t\t<\/div>\n\t\t<\/div>\n\t\t\t\t<div class=\"elementor-column elementor-col-66 elementor-inner-column elementor-element elementor-element-929ede5\" data-id=\"929ede5\" data-element_type=\"column\">\n\t\t\t<div class=\"elementor-column-wrap elementor-element-populated\">\n\t\t\t\t\t\t\t<div class=\"elementor-widget-wrap\">\n\t\t\t\t\t\t<div class=\"elementor-element elementor-element-b82bc91 elementor-widget elementor-widget-text-editor\" data-id=\"b82bc91\" data-element_type=\"widget\" data-widget_type=\"text-editor.default\">\n\t\t\t\t<div class=\"elementor-widget-container\">\n\t\t\t\t\t\t\t\t<div class=\"elementor-text-editor elementor-clearfix\">\n\t\t\t\t<div class=\"elementor-element elementor-element-72c39c4 elementor-widget elementor-widget-heading\" data-id=\"72c39c4\" data-element_type=\"widget\" data-widget_type=\"heading.default\">\n<div class=\"elementor-widget-container\">\n<p class=\"elementor-heading-title elementor-size-default\"><span style=\"font-size: 130%;\"><strong><span style=\"color: #f99b1c;\">An Phat Design Co. Ltd \u3042\u306a\u305f\u306b\u6301\u3063\u3066\u6765\u3089\u308c\u308b:<\/span><\/strong><\/span><\/p>\n<\/div>\n<\/div>\n<div class=\"elementor-element elementor-element-a49db70 elementor-icon-list--layout-traditional elementor-widget elementor-widget-icon-list\" data-id=\"a49db70\" data-element_type=\"widget\" data-widget_type=\"icon-list.default\">\n<div class=\"elementor-widget-container\">\n<ul>\n<li><b><i class=\"fas fa-angle-right\" aria-hidden=\"true\"><\/i><span class=\"elementor-icon-list-text\" style=\"color: #000000;\">15\u5e74\u4ee5\u4e0a\u306e\u696d\u754c\u7d4c\u9a13\u3092\u6301\u3064\u5c02\u4efb\u306e\u30b5\u30fc\u30d3\u30b9\u30b9\u30bf\u30c3\u30d5<\/span><\/b><\/li>\n<li><span style=\"color: #000000;\"><b><i class=\"fas fa-angle-right\" aria-hidden=\"true\"><\/i><span class=\"elementor-icon-list-text\" style=\"color: #000000;\">\u56f3\u9762\u306e\u6b63\u78ba\u3055\u3068\u73fe\u5b9f\u306e\u7d76\u5bfe\u7684\u306a\u5b9f\u73fe\u53ef\u80fd\u6027<\/span><\/b><\/span><\/li>\n<li><span style=\"color: #000000;\"><b><i class=\"fas fa-angle-right\" aria-hidden=\"true\"><\/i><span class=\"elementor-icon-list-text\" style=\"color: #000000;\">\u54c1\u8cea\u304c\u5e38\u306b\u30b3\u30b9\u30c8\u3092\u4e0a\u56de\u3063\u3066\u3044\u308b\u88fd\u54c1<\/span><\/b><\/span><\/li>\n<\/ul>\n<\/div>\n<\/div>\t\t\t\t\t<\/div>\n\t\t\t\t\t\t<\/div>\n\t\t\t\t<\/div>\n\t\t\t\t\t\t<\/div>\n\t\t\t\t\t<\/div>\n\t\t<\/div>\n\t\t\t\t\t\t\t\t<\/div>\n\t\t\t\t\t<\/div>\n\t\t<\/section>\n\t\t\t\t\t\t<\/div>\n\t\t\t\t\t<\/div>\n\t\t<\/div>\n\t\t\t\t\t\t\t\t<\/div>\n\t\t\t\t\t<\/div>\n\t\t<\/section>\n\t\t\t\t<section class=\"elementor-section elementor-top-section elementor-element elementor-element-52c1422 elementor-section-boxed elementor-section-height-default elementor-section-height-default\" data-id=\"52c1422\" data-element_type=\"section\">\n\t\t\t\t\t\t<div class=\"elementor-container elementor-column-gap-default\">\n\t\t\t\t\t\t\t<div class=\"elementor-row\">\n\t\t\t\t\t<div class=\"elementor-column elementor-col-100 elementor-top-column elementor-element elementor-element-1849411\" data-id=\"1849411\" data-element_type=\"column\">\n\t\t\t<div class=\"elementor-column-wrap elementor-element-populated\">\n\t\t\t\t\t\t\t<div class=\"elementor-widget-wrap\">\n\t\t\t\t\t\t<div class=\"elementor-element elementor-element-e2c7300 elementor-widget elementor-widget-heading\" data-id=\"e2c7300\" data-element_type=\"widget\" data-widget_type=\"heading.default\">\n\t\t\t\t<div class=\"elementor-widget-container\">\n\t\t\t<h2 class=\"elementor-heading-title elementor-size-default\">***************<\/h2>\t\t<\/div>\n\t\t\t\t<\/div>\n\t\t\t\t\t\t<\/div>\n\t\t\t\t\t<\/div>\n\t\t<\/div>\n\t\t\t\t\t\t\t\t<\/div>\n\t\t\t\t\t<\/div>\n\t\t<\/section>\n\t\t\t\t<section class=\"elementor-section elementor-top-section elementor-element elementor-element-4ac8c3c elementor-section-boxed elementor-section-height-default elementor-section-height-default\" data-id=\"4ac8c3c\" data-element_type=\"section\">\n\t\t\t\t\t\t<div class=\"elementor-container elementor-column-gap-default\">\n\t\t\t\t\t\t\t<div class=\"elementor-row\">\n\t\t\t\t\t<div class=\"elementor-column elementor-col-50 elementor-top-column elementor-element elementor-element-682bfeb\" data-id=\"682bfeb\" data-element_type=\"column\">\n\t\t\t<div class=\"elementor-column-wrap elementor-element-populated\">\n\t\t\t\t\t\t\t<div class=\"elementor-widget-wrap\">\n\t\t\t\t\t\t<div class=\"elementor-element elementor-element-50e7e6f elementor-widget elementor-widget-image\" data-id=\"50e7e6f\" data-element_type=\"widget\" data-widget_type=\"image.default\">\n\t\t\t\t<div class=\"elementor-widget-container\">\n\t\t\t\t\t\t\t\t<div class=\"elementor-image\">\n\t\t\t\t\t\t\t\t\t\t\t\t<img decoding=\"async\" width=\"280\" height=\"280\" src=\"https:\/\/anphatdesign.com\/wp-content\/uploads\/2020\/11\/loi-the-canh-tranh-280x280.png\" class=\"attachment-thumbnail size-thumbnail\" alt=\"\" loading=\"lazy\" \/>\t\t\t\t\t\t\t\t\t\t\t\t\t\t<\/div>\n\t\t\t\t\t\t<\/div>\n\t\t\t\t<\/div>\n\t\t\t\t\t\t<\/div>\n\t\t\t\t\t<\/div>\n\t\t<\/div>\n\t\t\t\t<div class=\"elementor-column elementor-col-50 elementor-top-column elementor-element elementor-element-26da3e4\" data-id=\"26da3e4\" data-element_type=\"column\">\n\t\t\t<div class=\"elementor-column-wrap elementor-element-populated\">\n\t\t\t\t\t\t\t<div class=\"elementor-widget-wrap\">\n\t\t\t\t\t\t<div class=\"elementor-element elementor-element-6fb10c8 elementor-widget elementor-widget-text-editor\" data-id=\"6fb10c8\" data-element_type=\"widget\" data-widget_type=\"text-editor.default\">\n\t\t\t\t<div class=\"elementor-widget-container\">\n\t\t\t\t\t\t\t\t<div class=\"elementor-text-editor elementor-clearfix\">\n\t\t\t\t<p style=\"text-align: center;\"><span style=\"font-size: 130%;\"><span style=\"color: #f99b1c;\"><b>\u00a0<\/b><\/span><b style=\"color: #f99b1c; font-family: var( --e-global-typography-text-font-family ), Sans-serif;\">\u7af6\u4e89\u4e0a\u306e\u512a\u4f4d\u6027<\/b><\/span><\/p>\n<ul>\n<li><span style=\"font-size: 100%; color: #282828;\"><strong>\u5f37\u307f\u3092\u6301\u3063\u3066\u3044\u308b\u306e\u306f\u3001\u65e5\u672c\u4eba\u3068\u5c02\u9580\u5bb6\u304b\u3089\u306e\u7d4c\u9a13\u8c4a\u5bcc\u306a\u4eba\u6750\u306e\u30c1\u30fc\u30e0\u3067\u3059Viet Nam<\/strong><\/span><\/li>\n<li><span style=\"font-size: 100%; color: #282828;\"><strong>An Phat\u306f\u3001\u8db3\u5834\u30bd\u30ea\u30e5\u30fc\u30b7\u30e7\u30f3\u3092\u63d0\u4f9b\u3059\u308b\u5206\u91ce\u3067\u3001\u63cf\u753b\u30c7\u30fc\u30bf\u51e6\u7406\u30b5\u30fc\u30d3\u30b9\u696d\u754c\u306b\u304a\u3051\u308b\u5730\u4f4d\u3068\u8a55\u5224\u3092\u307e\u3059\u307e\u3059\u4e3b\u5f35\u3057\u3066\u3044\u307e\u3059\u3002<\/strong><\/span><\/li>\n<li><span style=\"font-size: 100%; color: #282828;\"><strong>\u73fe\u5728\u3001An Phat \u306f\u30b3\u30df\u30c3\u30c8\u3055\u308c\u305f\u65b9\u5411\u6027\u306b\u5f93\u3063\u3066\u6210\u9577\u304a\u3088\u3073\u958b\u767a\u3055\u308c\u3066\u304a\u308a\u3001\u8db3\u5834\u306e\u6280\u8853\u30bd\u30ea\u30e5\u30fc\u30b7\u30e7\u30f3-\u30b3\u30a2\u30d0\u30ea\u30e5\u30fc\u306b\u5fdc\u3058\u305f\u30d5\u30a7\u30fc\u30ba\u30b3\u30a2\u5b89\u5168\u6027-\u54c1\u8cea-\u52b9\u7387\u6027\u3092\u3082\u305f\u3089\u3057\u3066\u3044\u307e\u3059<\/strong><\/span><\/li>\n<li><span style=\"font-size: 100%; color: #282828;\"><strong>\u6700\u3082\u9769\u65b0\u7684\u3067\u52b9\u679c\u7684\u306a\u54c1\u8cea\u306e\u56f3\u9762\u3092\u4f5c\u6210\u3057\u307e\u3059\u3002<\/strong><\/span><\/li>\n<\/ul>\n<p style=\"text-align: center;\">\u00a0<\/p>\t\t\t\t\t<\/div>\n\t\t\t\t\t\t<\/div>\n\t\t\t\t<\/div>\n\t\t\t\t\t\t<\/div>\n\t\t\t\t\t<\/div>\n\t\t<\/div>\n\t\t\t\t\t\t\t\t<\/div>\n\t\t\t\t\t<\/div>\n\t\t<\/section>\n\t\t\t\t\t\t<\/div>\n\t\t\t\t\t\t<\/div>\n\t\t\t\t\t<\/div>","protected":false},"excerpt":{"rendered":"<p>C\u00f4ng Ty An Ph\u00e1t Vi\u1ec7t Nam mang \u0111\u1ebfn S\u1ef1 t\u1eadn t\u00e2m ph\u1ee5c v\u1ee5 c\u1ee7a \u0111\u1ed9i ng\u0169 nh\u00e2n vi\u00ean v\u1edbi h\u01a1n 15 n\u0103m kinh nghi\u1ec7m trong ng\u00e0nh S\u1ef1 ch\u00ednh x\u00e1c c\u1ee7a b\u1ea3n v\u1ebd v\u00e0 t\u00ednh kh\u1ea3 thi tuy\u1ec7t \u0111\u1ed1i ngo\u00e0i th\u1ef1c t\u1ebf Nh\u1eefng s\u1ea3n ph\u1ea9m m\u00e0 ch\u1ea5t l\u01b0\u1ee3ng lu\u00f4n v\u01b0\u1ee3t xa chi ph\u00ed *************** &nbsp;L\u1ee3i Th\u1ebf C\u1ea1nh Tranh V\u1edbi th\u1ebf m\u1ea1nh l\u00e0 \u0111\u1ed9i ng\u0169 nh\u00e2n s\u1ef1 gi\u00e0u kinh nghi\u1ec7m t\u1eeb chuy\u00ean gia ng\u01b0\u1eddi Nh\u1eadt v\u00e0 Vi\u1ec7t nam An Ph\u00e1t ng\u00e0y c\u00e0ng kh\u1eb3ng \u0111\u1ecbnh \u0111\u01b0\u1ee3c v\u1ecb tr\u00ed v\u00e0 uy t\u00edn trong ng\u00e0nh d\u1ecbch v\u1ee5 x\u1eed l\u00fd d\u1eef li\u1ec7u b\u1ea3n v\u1ebd trong l\u0129nh v\u1ef1c cung c\u1ea5p gi\u1ea3i ph\u00e1p gi\u00e0n gi\u00e1o. Hi\u1ec7n t\u1ea1i, An [&#8230;]","protected":false},"author":2,"featured_media":0,"parent":0,"menu_order":0,"comment_status":"closed","ping_status":"closed","template":"","meta":[],"_links":{"self":[{"href":"https:\/\/anphatdesign.com\/ja\/wp-json\/wp\/v2\/pages\/337"}],"collection":[{"href":"https:\/\/anphatdesign.com\/ja\/wp-json\/wp\/v2\/pages"}],"about":[{"href":"https:\/\/anphatdesign.com\/ja\/wp-json\/wp\/v2\/types\/page"}],"author":[{"embeddable":true,"href":"https:\/\/anphatdesign.com\/ja\/wp-json\/wp\/v2\/users\/2"}],"replies":[{"embeddable":true,"href":"https:\/\/anphatdesign.com\/ja\/wp-json\/wp\/v2\/comments?post=337"}],"version-history":[{"count":221,"href":"https:\/\/anphatdesign.com\/ja\/wp-json\/wp\/v2\/pages\/337\/revisions"}],"predecessor-version":[{"id":1004,"href":"https:\/\/anphatdesign.com\/ja\/wp-json\/wp\/v2\/pages\/337\/revisions\/1004"}],"wp:attachment":[{"href":"https:\/\/anphatdesign.com\/ja\/wp-json\/wp\/v2\/media?parent=337"}],"curies":[{"name":"wp","href":"https:\/\/api.w.org\/{rel}","templated":true}]}}